{"id":174,"date":"2022-11-29T16:41:41","date_gmt":"2022-11-29T15:41:41","guid":{"rendered":"https:\/\/www.hnicolas.com\/press\/?page_id=174"},"modified":"2022-11-29T18:05:57","modified_gmt":"2022-11-29T17:05:57","slug":"connexion-deconnexion","status":"publish","type":"page","link":"https:\/\/www.hnicolas.com\/press\/connexion-deconnexion\/","title":{"rendered":"Connexion-D\u00e9connexion"},"content":{"rendered":"\n<p><\/p>\n\n\n\n<p>Si on vous a donn\u00e9 un identifiant et un mot de passe (n\u00e9cessaires par exemple pour entrer dans la zone priv\u00e9e \u00ab\u00a0Entr\u00e9e des artistes\u00a0\u00bb, en cliquant sur le lien ci-dessous, vous ferez apparaitre un formulaire de connexion :<\/p>\n\n\n<div class=\"logged-out has-login-form wp-block-loginout\"><form name=\"loginform\" id=\"loginform\" action=\"https:\/\/www.hnicolas.com\/press\/wp-login.php\" method=\"post\"><p class=\"login-username\">\n\t\t\t\t<label for=\"user_login\">Identifiant ou adresse e-mail<\/label>\n\t\t\t\t<input type=\"text\" name=\"log\" id=\"user_login\" autocomplete=\"username\" class=\"input\" value=\"\" size=\"20\" \/>\n\t\t\t<\/p><p class=\"login-password\">\n\t\t\t\t<label for=\"user_pass\">Mot de passe<\/label>\n\t\t\t\t<input type=\"password\" name=\"pwd\" id=\"user_pass\" autocomplete=\"current-password\" spellcheck=\"false\" class=\"input\" value=\"\" size=\"20\" \/>\n\t\t\t<\/p><p class=\"login-remember\"><label><input name=\"rememberme\" type=\"checkbox\" id=\"rememberme\" value=\"forever\" \/> Se souvenir de moi<\/label><\/p><p class=\"login-submit\">\n\t\t\t\t<input type=\"submit\" name=\"wp-submit\" id=\"wp-submit\" class=\"button button-primary\" value=\"Se connecter\" \/>\n\t\t\t\t<input type=\"hidden\" name=\"redirect_to\" value=\"https:\/\/www.hnicolas.com\/press\/wp-json\/wp\/v2\/pages\/174\" \/>\n\t\t\t<\/p><\/form><\/div>\n\n\n<p><\/p>\n\n\n\n<h3 class=\"wp-block-heading\">Que se passe t&rsquo;il si je fais une erreur ?<\/h3>\n\n\n\n<p>Si je ne remplis pas correctement les 2 cases \u00ab\u00a0Identifiant\u00a0\u00bb et \u00ab\u00a0Mot de passe\u00a0\u00bb avec les valeurs qui sont enregistr\u00e9es sur le serveur :<\/p>\n\n\n\n<ul class=\"wp-block-list\">\n<li> je serai renvoy\u00e9(e) vers un formulaire (dans une nouvelle page) qui, en plus contient un lien \u00ab\u00a0Mot de passe oubli\u00e9 ?\u00a0\u00bb. <\/li>\n\n\n\n<li>Si j&rsquo;ai rentr\u00e9 le bon identifiant, en cliquant sur ce lien je recevrai un mail qui me permettra de changer le mot de passe <\/li>\n<\/ul>\n\n\n\n<h2 class=\"wp-block-heading\">Pourquoi se d\u00e9connecter ?<\/h2>\n\n\n\n<p>Si je ne me d\u00e9connecte pas, toute personne qui utiliserait ma machine (ordinateur, tablette ou t\u00e9l\u00e9phone) pourra entrer dans la zone priv\u00e9e du site sans passer par un formulaire de connexion, m\u00eame apr\u00e8s un arr\u00eat (normal) d&rsquo;ordinateur.<\/p>\n\n\n\n<h3 class=\"wp-block-heading\">A quoi sert la case \u00ab\u00a0Se souvenir de moi\u00a0\u00bb ?<\/h3>\n\n\n\n<p>En cliquant sur cette case, votre identifiant et votre mot de passe seront m\u00e9moris\u00e9s sur votre ordinateur (ou votre tablette, ou votre t\u00e9l\u00e9phone) : les 2 cases seront pr\u00e9-remplies avec identifiant et mot de passe.<br>Cela vous \u00e9vitera de devoir les re-taper \u00e0 la prochaine connexion, il suffira de cliquer sur le bouton  \u00ab\u00a0SE CONNECTER\u00a0\u00bb<\/p>\n\n\n\n<p>M\u00eame si vous vous d\u00e9connectez, un autre utilisateur pourra ais\u00e9ment se re-connecter \u00e0 votre place.<\/p>\n\n\n\n<h3 class=\"wp-block-heading\">Conclusion : quelques pr\u00e9cautions  : <\/h3>\n\n\n\n<p>D\u00e9connectez vous en sortant du site si vous n&rsquo;\u00eates pas le seul utilisateur sur votre machine.<\/p>\n\n\n\n<p>Ne cochez la case \u00ab\u00a0Se Souvenir de moi\u00a0\u00bb  que sur une machine (ordinateur, tablette ou t\u00e9l\u00e9phone) dont vous \u00eates le seul utilisateur.<\/p>\n\n\n\n<p>Dans tous les cas, n&rsquo;utilisez pas sur ce site un mot de passe qui vous sert sur des sites plus sensibles (banque, sites de commerce, sites de l&rsquo;administration, etc&#8230;)<\/p>\n\n\n\n<p><\/p>\n\n\n\n<p><\/p>\n\n\n\n<h3 class=\"wp-block-heading\">Note : tout en bas de chaque page, vous avez aussi un formulaire de connexion avec les m\u00eames fonctions, sauf qu&rsquo;il ne permet pas de se d\u00e9connecter  !<\/h3>\n","protected":false},"excerpt":{"rendered":"<p>Si on vous a donn\u00e9 un identifiant et un mot de passe (n\u00e9cessaires par exemple pour entrer dans la zone priv\u00e9e \u00ab\u00a0Entr\u00e9e des artistes\u00a0\u00bb, en cliquant sur le lien ci-dessous, vous ferez apparaitre un formulaire de connexion : Que se passe t&rsquo;il si je fais une erreur ? Si je ne remplis pas correctement les [&hellip;]<\/p>\n","protected":false},"author":1,"featured_media":0,"parent":0,"menu_order":0,"comment_status":"closed","ping_status":"closed","template":"","meta":{"footnotes":""},"class_list":["post-174","page","type-page","status-publish","czr-hentry"],"_links":{"self":[{"href":"https:\/\/www.hnicolas.com\/press\/wp-json\/wp\/v2\/pages\/174","targetHints":{"allow":["GET"]}}],"collection":[{"href":"https:\/\/www.hnicolas.com\/press\/wp-json\/wp\/v2\/pages"}],"about":[{"href":"https:\/\/www.hnicolas.com\/press\/wp-json\/wp\/v2\/types\/page"}],"author":[{"embeddable":true,"href":"https:\/\/www.hnicolas.com\/press\/wp-json\/wp\/v2\/users\/1"}],"replies":[{"embeddable":true,"href":"https:\/\/www.hnicolas.com\/press\/wp-json\/wp\/v2\/comments?post=174"}],"version-history":[{"count":7,"href":"https:\/\/www.hnicolas.com\/press\/wp-json\/wp\/v2\/pages\/174\/revisions"}],"predecessor-version":[{"id":195,"href":"https:\/\/www.hnicolas.com\/press\/wp-json\/wp\/v2\/pages\/174\/revisions\/195"}],"wp:attachment":[{"href":"https:\/\/www.hnicolas.com\/press\/wp-json\/wp\/v2\/media?parent=174"}],"curies":[{"name":"wp","href":"https:\/\/api.w.org\/{rel}","templated":true}]}}