{"id":212,"date":"2022-11-29T22:42:36","date_gmt":"2022-11-29T21:42:36","guid":{"rendered":"https:\/\/www.hnicolas.com\/press\/?page_id=212"},"modified":"2022-11-29T22:43:30","modified_gmt":"2022-11-29T21:43:30","slug":"nous-trouver","status":"publish","type":"page","link":"https:\/\/www.hnicolas.com\/press\/nous-trouver\/","title":{"rendered":"Nous trouver"},"content":{"rendered":"<div class=\"members-access-error\">D\u00e9sol\u00e9, vous n&rsquo;\u00eates pas autoris\u00e9 \u00e0 voir ce contenu.<\/div>\n","protected":false},"excerpt":{"rendered":"<div class=\"members-access-error\">D\u00e9sol\u00e9, vous n&rsquo;\u00eates pas autoris\u00e9 \u00e0 voir ce contenu.<\/div>\n","protected":false},"author":1,"featured_media":0,"parent":0,"menu_order":0,"comment_status":"closed","ping_status":"closed","template":"","meta":{"footnotes":""},"class_list":["post-212","page","type-page","status-publish","czr-hentry"],"_links":{"self":[{"href":"https:\/\/www.hnicolas.com\/press\/wp-json\/wp\/v2\/pages\/212","targetHints":{"allow":["GET"]}}],"collection":[{"href":"https:\/\/www.hnicolas.com\/press\/wp-json\/wp\/v2\/pages"}],"about":[{"href":"https:\/\/www.hnicolas.com\/press\/wp-json\/wp\/v2\/types\/page"}],"author":[{"embeddable":true,"href":"https:\/\/www.hnicolas.com\/press\/wp-json\/wp\/v2\/users\/1"}],"replies":[{"embeddable":true,"href":"https:\/\/www.hnicolas.com\/press\/wp-json\/wp\/v2\/comments?post=212"}],"version-history":[{"count":2,"href":"https:\/\/www.hnicolas.com\/press\/wp-json\/wp\/v2\/pages\/212\/revisions"}],"predecessor-version":[{"id":214,"href":"https:\/\/www.hnicolas.com\/press\/wp-json\/wp\/v2\/pages\/212\/revisions\/214"}],"wp:attachment":[{"href":"https:\/\/www.hnicolas.com\/press\/wp-json\/wp\/v2\/media?parent=212"}],"curies":[{"name":"wp","href":"https:\/\/api.w.org\/{rel}","templated":true}]}}